{"id":3029,"date":"2025-04-03T13:04:25","date_gmt":"2025-04-03T11:04:25","guid":{"rendered":"https:\/\/smartcity.bamberg.de\/testtest\/"},"modified":"2025-09-22T15:08:57","modified_gmt":"2025-09-22T13:08:57","slug":"ziele-es","status":"publish","type":"page","link":"https:\/\/smartcity.bamberg.de\/les\/ziele-es\/","title":{"rendered":"Unsere Ziele f\u00fcr Bamberg"},"content":{"rendered":"\n\n\n<section \n    class=\"section container-fluid py-5 bg-white text-black text-image-half \" \n    id=\"smarte-welterbestadt\"\n    role=\"region\"\n    aria-label=\"Text und Bild Abschnitt\"\n>\n    <div class=\"container py-5\">\n        <div class=\"row py-5\">\n            \n            <!-- Textspalte -->\n            <div \n                class=\"col-12 col-md-5 pb-5 pb-md-0 d-flex flex-column justify-content-between paragraphs-wrap\"\n                role=\"group\"\n                aria-label=\"Textinhalte\"\n            >\n                                                            <div class=\"pb-3 pb-md-5\" role=\"article\" aria-label=\"Smarte Welterbestadt\">\n                                                            <h2 class=\"h5 pb-3\" aria-label=\"Smarte Welterbestadt\">\n                                    Smarte Welterbestadt                                <\/h2>\n                            \n                                                            <p aria-label=\"Daten helfen dabei, Bamberg zu bewahren.\nDas Welt-Erbe ist ein wichtiger Teil von Smart City Bamberg.Die Stadt Bamberg ist ein besonderes Kunst-Werk.Die Alt-Stadt von Bamberg ist noch fast so wie fr\u00fcher.Mehr als 1.000 H\u00e4user in der Alt-Stadt sind unter Denkmal-Schutz.Das hei\u00dft:Die H\u00e4user sollen so bleiben wie sie sind.Deshalb muss man bei der Stadt-Entwicklung aufpassen.Bamberg soll eine historische Stadt bleiben.Aber Bamberg soll auch eine moderne Stadt sein.   \">\n                                    <h6>Daten helfen dabei, Bamberg zu bewahren.<\/h6>\n<p>Das Welt-Erbe ist ein wichtiger Teil von Smart City Bamberg.<br \/>Die Stadt Bamberg ist ein besonderes Kunst-Werk.<br \/>Die Alt-Stadt von Bamberg ist noch fast so wie fr\u00fcher.<br \/>Mehr als 1.000 H\u00e4user in der Alt-Stadt sind unter Denkmal-Schutz.<br \/>Das hei\u00dft:<br \/>Die H\u00e4user sollen so bleiben wie sie sind.<br \/>Deshalb muss man bei der Stadt-Entwicklung aufpassen.<br \/>Bamberg soll eine historische Stadt bleiben.<br \/>Aber Bamberg soll auch eine moderne Stadt sein.   <\/p>                                <\/p>\n                                                    <\/div>\n                                                <\/div>\n\n            <!-- Bildspalte -->\n            <div \n                class=\"col-12 col-md-7 d-flex flex-column align-items-center align-items-md-end\"\n                role=\"group\"\n                aria-label=\"Bildbereich\"\n            >\n                                    <img decoding=\"async\" \n                        src=\"https:\/\/smartcity.bamberg.de\/wp-content\/uploads\/2025\/08\/Smarte-Welterbestadt-ohne-HG-.png\" \n                        alt=\"Veranschaulichendes Bild zum Textabschnitt\" \n                        class=\"img-fluid rounded\"\n                    >\n                \n                            <\/div>\n        <\/div>\n    <\/div>\n<\/section>\n\n\n\n\n\n<section \n    class=\"section container-fluid py-5 bg-white text-black text-image-half \" \n    id=\"nachhaltige-stadt\"\n    role=\"region\"\n    aria-label=\"Text und Bild Abschnitt\"\n>\n    <div class=\"container py-5\">\n        <div class=\"row py-5\">\n            \n            <!-- Textspalte -->\n            <div \n                class=\"col-12 col-md-5 pb-5 pb-md-0 d-flex flex-column justify-content-between paragraphs-wrap\"\n                role=\"group\"\n                aria-label=\"Textinhalte\"\n            >\n                                                            <div class=\"pb-3 pb-md-5\" role=\"article\" aria-label=\"Nachhaltige Stadt\">\n                                                            <h2 class=\"h5 pb-3\" aria-label=\"Nachhaltige Stadt\">\n                                    Nachhaltige Stadt                                <\/h2>\n                            \n                                                            <p aria-label=\"Daten helfen dabei, dass Bamberg f\u00fcr alle da ist.\nDas Leben in Bamberg soll f\u00fcr alle besser werden.Daf\u00fcr will man digitale Mittel benutzen.Dabei ist Nachhaltigkeit wichtig.Dabei denkt man an verschiedene Sachen.Zum Beispiel:&#8211; Familien&#8211; Menschen mit Behinderungen&#8211; die W\u00e4lder in Bamberg.So soll Bamberg eine nachhaltige Stadt werden.  \">\n                                    <h6>Daten helfen dabei, dass Bamberg f\u00fcr alle da ist.<\/h6>\n<p>Das Leben in Bamberg soll f\u00fcr alle besser werden.<br \/>Daf\u00fcr will man digitale Mittel benutzen.<br \/>Dabei ist Nachhaltigkeit wichtig.<br \/>Dabei denkt man an verschiedene Sachen.<br \/>Zum Beispiel:<br \/>&#8211; Familien<br \/>&#8211; Menschen mit Behinderungen<br \/>&#8211; die W\u00e4lder in Bamberg.<br \/>So soll Bamberg eine nachhaltige Stadt werden.  <\/p>                                <\/p>\n                                                    <\/div>\n                                                <\/div>\n\n            <!-- Bildspalte -->\n            <div \n                class=\"col-12 col-md-7 d-flex flex-column align-items-center align-items-md-end\"\n                role=\"group\"\n                aria-label=\"Bildbereich\"\n            >\n                                    <img decoding=\"async\" \n                        src=\"https:\/\/smartcity.bamberg.de\/wp-content\/uploads\/2025\/08\/Nachhaltige-Stadt-ohne-HG-.png\" \n                        alt=\"Veranschaulichendes Bild zum Textabschnitt\" \n                        class=\"img-fluid rounded\"\n                    >\n                \n                            <\/div>\n        <\/div>\n    <\/div>\n<\/section>\n\n\n\n\n\n<section \n    class=\"section container-fluid py-5 bg-white text-black text-image-half \" \n    id=\"potential-daten\"\n    role=\"region\"\n    aria-label=\"Text und Bild Abschnitt\"\n>\n    <div class=\"container py-5\">\n        <div class=\"row py-5\">\n            \n            <!-- Textspalte -->\n            <div \n                class=\"col-12 col-md-5 pb-5 pb-md-0 d-flex flex-column justify-content-between paragraphs-wrap\"\n                role=\"group\"\n                aria-label=\"Textinhalte\"\n            >\n                                                            <div class=\"pb-3 pb-md-5\" role=\"article\" aria-label=\"Das Potential von Daten\">\n                                                            <h2 class=\"h5 pb-3\" aria-label=\"Das Potential von Daten\">\n                                    Das Potential von Daten                                <\/h2>\n                            \n                                                            <p aria-label=\" Daten helfen dabei, dass das Leben einfacher wird.\nDie Menschen sollen mehr Infos bekommen.Und die Menschen sollen mehr mit den Infos machen k\u00f6nnen.Bamberg kann sich dann besser entwickeln.Und die Menschen in Bamberg k\u00f6nnen dabei mitmachen.Dann ist alles klarer und einfacher.Dabei ist wichtig:&#8211; \u00d6ffentliche Infos sollen alle benutzen k\u00f6nnen.&#8211; Private Infos sollen sicher sein.    \">\n                                    <h6> Daten helfen dabei, dass das Leben einfacher wird.<\/h6>\n<p>Die Menschen sollen mehr Infos bekommen.<br \/>Und die Menschen sollen mehr mit den Infos machen k\u00f6nnen.<br \/>Bamberg kann sich dann besser entwickeln.<br \/>Und die Menschen in Bamberg k\u00f6nnen dabei mitmachen.<br \/>Dann ist alles klarer und einfacher.<br \/>Dabei ist wichtig:<br \/>&#8211; \u00d6ffentliche Infos sollen alle benutzen k\u00f6nnen.<br \/>&#8211; Private Infos sollen sicher sein.    <\/p>                                <\/p>\n                                                    <\/div>\n                                                <\/div>\n\n            <!-- Bildspalte -->\n            <div \n                class=\"col-12 col-md-7 d-flex flex-column align-items-center align-items-md-end\"\n                role=\"group\"\n                aria-label=\"Bildbereich\"\n            >\n                                    <img decoding=\"async\" \n                        src=\"https:\/\/smartcity.bamberg.de\/wp-content\/uploads\/2025\/08\/Potential-von-Daten-ohne-HG-.png\" \n                        alt=\"Veranschaulichendes Bild zum Textabschnitt\" \n                        class=\"img-fluid rounded\"\n                    >\n                \n                            <\/div>\n        <\/div>\n    <\/div>\n<\/section>\n\n\n\n\n\n<section \n    class=\"section container-fluid py-5 bg-white text-black text-image-half \" \n    id=\"innovationskraft\"\n    role=\"region\"\n    aria-label=\"Text und Bild Abschnitt\"\n>\n    <div class=\"container py-5\">\n        <div class=\"row py-5\">\n            \n            <!-- Textspalte -->\n            <div \n                class=\"col-12 col-md-5 pb-5 pb-md-0 d-flex flex-column justify-content-between paragraphs-wrap\"\n                role=\"group\"\n                aria-label=\"Textinhalte\"\n            >\n                                                            <div class=\"pb-3 pb-md-5\" role=\"article\" aria-label=\"Innovationskraft in Bamberg\">\n                                                            <h2 class=\"h5 pb-3\" aria-label=\"Innovationskraft in Bamberg\">\n                                    Innovationskraft in Bamberg                                <\/h2>\n                            \n                                                            <p aria-label=\"Daten helfen dabei, gut zusammenzuarbeiten.\nWir wollen die Stadt besser machen.Die Menschen sollen gut in der Stadt leben k\u00f6nnen.Und wir wollen das mit vielen Menschen zusammen machen.Das war unser Ziel.Und das ist unser Ziel.Daf\u00fcr arbeiten wir mit verschiedenen Menschen zusammen.Zum Beispiel:&#8211; die Wissenschaft&#8211; die Stadt-Verwaltung&#8211; die Gesellschaft&#8211; die Wirtschaft.Die Zusammen-Arbeit bringt neue Ideen.Die neuen Ideen helfen bei den Projekten.Die Zusammenarbeit hilft ganz Bamberg.  \">\n                                    <h6>Daten helfen dabei, gut zusammenzuarbeiten.<\/h6>\n<p>Wir wollen die Stadt besser machen.<br \/>Die Menschen sollen gut in der Stadt leben k\u00f6nnen.<br \/>Und wir wollen das mit vielen Menschen zusammen machen.<br \/>Das war unser Ziel.<br \/>Und das ist unser Ziel.<br \/>Daf\u00fcr arbeiten wir mit verschiedenen Menschen zusammen.<br \/>Zum Beispiel:<br \/>&#8211; die Wissenschaft<br \/>&#8211; die Stadt-Verwaltung<br \/>&#8211; die Gesellschaft<br \/>&#8211; die Wirtschaft.<br \/>Die Zusammen-Arbeit bringt neue Ideen.<br \/>Die neuen Ideen helfen bei den Projekten.<br \/>Die Zusammenarbeit hilft ganz Bamberg.  <\/p>                                <\/p>\n                                                    <\/div>\n                                                <\/div>\n\n            <!-- Bildspalte -->\n            <div \n                class=\"col-12 col-md-7 d-flex flex-column align-items-center align-items-md-end\"\n                role=\"group\"\n                aria-label=\"Bildbereich\"\n            >\n                                    <img decoding=\"async\" \n                        src=\"https:\/\/smartcity.bamberg.de\/wp-content\/uploads\/2025\/08\/Innovationskraft-ohne-HG.png\" \n                        alt=\"Veranschaulichendes Bild zum Textabschnitt\" \n                        class=\"img-fluid rounded\"\n                    >\n                \n                            <\/div>\n        <\/div>\n    <\/div>\n<\/section>\n","protected":false},"excerpt":{"rendered":"","protected":false},"author":1,"featured_media":0,"parent":0,"menu_order":0,"comment_status":"closed","ping_status":"closed","template":"","meta":{"_acf_changed":false,"footnotes":""},"class_list":["post-3029","page","type-page","status-publish","hentry"],"acf":[],"_links":{"self":[{"href":"https:\/\/smartcity.bamberg.de\/les\/wp-json\/wp\/v2\/pages\/3029","targetHints":{"allow":["GET"]}}],"collection":[{"href":"https:\/\/smartcity.bamberg.de\/les\/wp-json\/wp\/v2\/pages"}],"about":[{"href":"https:\/\/smartcity.bamberg.de\/les\/wp-json\/wp\/v2\/types\/page"}],"author":[{"embeddable":true,"href":"https:\/\/smartcity.bamberg.de\/les\/wp-json\/wp\/v2\/users\/1"}],"replies":[{"embeddable":true,"href":"https:\/\/smartcity.bamberg.de\/les\/wp-json\/wp\/v2\/comments?post=3029"}],"version-history":[{"count":6,"href":"https:\/\/smartcity.bamberg.de\/les\/wp-json\/wp\/v2\/pages\/3029\/revisions"}],"predecessor-version":[{"id":4205,"href":"https:\/\/smartcity.bamberg.de\/les\/wp-json\/wp\/v2\/pages\/3029\/revisions\/4205"}],"wp:attachment":[{"href":"https:\/\/smartcity.bamberg.de\/les\/wp-json\/wp\/v2\/media?parent=3029"}],"curies":[{"name":"wp","href":"https:\/\/api.w.org\/{rel}","templated":true}]}}